{"id":333,"date":"2020-05-05T15:48:01","date_gmt":"2020-05-05T18:48:01","guid":{"rendered":"https:\/\/www.lucena.adv.br\/?page_id=333"},"modified":"2020-06-09T17:05:51","modified_gmt":"2020-06-09T20:05:51","slug":"propriedade-intelectual-e-industrial","status":"publish","type":"page","link":"https:\/\/www.lucena.adv.br\/?page_id=333","title":{"rendered":"Propriedade intelectual e industrial"},"content":{"rendered":"\t\t<div data-elementor-type=\"wp-page\" data-elementor-id=\"333\" class=\"elementor elementor-333\" data-elementor-settings=\"[]\">\n\t\t\t\t\t\t<div class=\"elementor-inner\">\n\t\t\t\t\t\t\t<div class=\"elementor-section-wrap\">\n\t\t\t\t\t\t\t<section class=\"elementor-section elementor-top-section elementor-element elementor-element-4b880d3f elementor-section-content-middle elementor-section-boxed elementor-section-height-default elementor-section-height-default\" data-id=\"4b880d3f\" data-element_type=\"section\" data-settings=\"{&quot;background_background&quot;:&quot;classic&quot;}\">\n\t\t\t\t\t\t<div class=\"elementor-container elementor-column-gap-no\">\n\t\t\t\t\t\t\t<div class=\"elementor-row\">\n\t\t\t\t\t<div class=\"elementor-column elementor-col-100 elementor-top-column elementor-element elementor-element-4a86b2d6\" data-id=\"4a86b2d6\" data-element_type=\"column\">\n\t\t\t<div class=\"elementor-column-wrap elementor-element-populated\">\n\t\t\t\t\t\t\t<div class=\"elementor-widget-wrap\">\n\t\t\t\t\t\t<div class=\"elementor-element elementor-element-708ac519 elementor-widget elementor-widget-heading\" data-id=\"708ac519\" data-element_type=\"widget\" data-widget_type=\"heading.default\">\n\t\t\t\t<div class=\"elementor-widget-container\">\n\t\t\t<h4 class=\"elementor-heading-title elementor-size-default\">Propriedade Industrial<\/h4>\t\t<\/div>\n\t\t\t\t<\/div>\n\t\t\t\t<div class=\"elementor-element elementor-element-dcb57aa elementor-widget-divider--view-line elementor-widget elementor-widget-divider\" data-id=\"dcb57aa\" data-element_type=\"widget\" data-widget_type=\"divider.default\">\n\t\t\t\t<div class=\"elementor-widget-container\">\n\t\t\t\t\t<div class=\"elementor-divider\">\n\t\t\t<span class=\"elementor-divider-separator\">\n\t\t\t\t\t\t<\/span>\n\t\t<\/div>\n\t\t\t\t<\/div>\n\t\t\t\t<\/div>\n\t\t\t\t\t\t<\/div>\n\t\t\t\t\t<\/div>\n\t\t<\/div>\n\t\t\t\t\t\t\t\t<\/div>\n\t\t\t\t\t<\/div>\n\t\t<\/section>\n\t\t\t\t<section class=\"elementor-section elementor-top-section elementor-element elementor-element-6461d61b elementor-section-content-middle elementor-reverse-mobile elementor-section-boxed elementor-section-height-default elementor-section-height-default\" data-id=\"6461d61b\" data-element_type=\"section\">\n\t\t\t\t\t\t<div class=\"elementor-container elementor-column-gap-no\">\n\t\t\t\t\t\t\t<div class=\"elementor-row\">\n\t\t\t\t\t<div class=\"elementor-column elementor-col-50 elementor-top-column elementor-element elementor-element-63380469\" data-id=\"63380469\" data-element_type=\"column\">\n\t\t\t<div class=\"elementor-column-wrap elementor-element-populated\">\n\t\t\t\t\t\t\t<div class=\"elementor-widget-wrap\">\n\t\t\t\t\t\t<div class=\"elementor-element elementor-element-7452dc49 elementor-widget elementor-widget-image\" data-id=\"7452dc49\" data-element_type=\"widget\" data-widget_type=\"image.default\">\n\t\t\t\t<div class=\"elementor-widget-container\">\n\t\t\t\t\t\t\t\t<div class=\"elementor-image\">\n\t\t\t\t\t\t\t\t\t\t\t\t<img width=\"700\" height=\"400\" src=\"https:\/\/www.lucena.adv.br\/wp-content\/uploads\/2020\/05\/registro-de-marca.jpg\" class=\"attachment-full size-full\" alt=\"\" loading=\"lazy\" srcset=\"https:\/\/www.lucena.adv.br\/wp-content\/uploads\/2020\/05\/registro-de-marca.jpg 700w, https:\/\/www.lucena.adv.br\/wp-content\/uploads\/2020\/05\/registro-de-marca-300x171.jpg 300w\" sizes=\"(max-width: 700px) 100vw, 700px\" \/>\t\t\t\t\t\t\t\t\t\t\t\t\t\t<\/div>\n\t\t\t\t\t\t<\/div>\n\t\t\t\t<\/div>\n\t\t\t\t\t\t<\/div>\n\t\t\t\t\t<\/div>\n\t\t<\/div>\n\t\t\t\t<div class=\"elementor-column elementor-col-50 elementor-top-column elementor-element elementor-element-67019f5\" data-id=\"67019f5\" data-element_type=\"column\">\n\t\t\t<div class=\"elementor-column-wrap elementor-element-populated\">\n\t\t\t\t\t\t\t<div class=\"elementor-widget-wrap\">\n\t\t\t\t\t\t<div class=\"elementor-element elementor-element-571351bd elementor-hidden-desktop elementor-widget elementor-widget-text-editor\" data-id=\"571351bd\" data-element_type=\"widget\" data-widget_type=\"text-editor.default\">\n\t\t\t\t<div class=\"elementor-widget-container\">\n\t\t\t\t\t\t\t\t<div class=\"elementor-text-editor elementor-clearfix\">\n\t\t\t\t\t<p align=\"justify\">A marca, a patente e o desenho industrial, assim como os demais institutos protegidos pela Lei da Propriedade Industrial, desempenham fun\u00e7\u00e3o essencial \u00e0 atividade econ\u00f4mica de uma empresa e est\u00e1 diretamente relacionada ao ganho e\/ou manuten\u00e7\u00e3o de sua clientela, portanto, devido a sua intangibilidade \u00e9 considerada um bem incorp\u00f3reo da empresa. <span style=\"font-size: 16px;\">Neste sentido, nosso escrit\u00f3rio conta com equipe t\u00e9cnica e especializada para auxiliar nossos clientes a administrar estrategicamente seus bens de propriedade intelectual para gerar maior lucro a menor risco do neg\u00f3cio. Ainda, auxiliamos nossos clientes na elabora\u00e7\u00e3o de pareceres t\u00e9cnicos de avalia\u00e7\u00e3o de marca (incluindo a an\u00e1lise cont\u00e1bil e econ\u00f4mica quando necess\u00e1rio), patente ou desenho industrial e, ainda, pareceres t\u00e9cnicos sobre laudos periciais em contendas envolvendo concorr\u00eancia desleal.<\/span>Prestamos consultas aos nossos clientes e propomos a\u00e7\u00f5es judiciais que envolvam direito sobre a propriedade industrial, como tamb\u00e9m, promovemos as competentes defesas em a\u00e7\u00f5es desta natureza.<\/p>\t\t\t\t\t<\/div>\n\t\t\t\t\t\t<\/div>\n\t\t\t\t<\/div>\n\t\t\t\t<div class=\"elementor-element elementor-element-105a65d elementor-hidden-tablet elementor-hidden-phone elementor-widget elementor-widget-text-editor\" data-id=\"105a65d\" data-element_type=\"widget\" data-widget_type=\"text-editor.default\">\n\t\t\t\t<div class=\"elementor-widget-container\">\n\t\t\t\t\t\t\t\t<div class=\"elementor-text-editor elementor-clearfix\">\n\t\t\t\t\t<p align=\"justify\">A marca, a patente e o desenho industrial, assim como os demais institutos protegidos pela Lei da Propriedade Industrial, desempenham fun\u00e7\u00e3o essencial \u00e0 atividade econ\u00f4mica de uma empresa e est\u00e1 diretamente relacionada ao ganho e\/ou manuten\u00e7\u00e3o de sua clientela, portanto, devido a sua intangibilidade \u00e9 considerada um bem incorp\u00f3reo da empresa. <span style=\"font-size: 16px;\">Neste sentido, nosso escrit\u00f3rio conta com equipe t\u00e9cnica e especializada para auxiliar nossos clientes a administrar estrategicamente seus bens de propriedade intelectual para gerar maior lucro a menor risco do neg\u00f3cio. Ainda, auxiliamos nossos clientes na elabora\u00e7\u00e3o de pareceres t\u00e9cnicos de avalia\u00e7\u00e3o de marca (incluindo a an\u00e1lise cont\u00e1bil e econ\u00f4mica quando necess\u00e1rio), patente ou desenho industrial e, ainda, pareceres t\u00e9cnicos sobre laudos periciais em contendas envolvendo concorr\u00eancia desleal.<\/span>Prestamos consultas aos nossos clientes e propomos a\u00e7\u00f5es judiciais que envolvam direito sobre a propriedade industrial, como tamb\u00e9m, promovemos as competentes defesas em a\u00e7\u00f5es desta natureza.<\/p>\t\t\t\t\t<\/div>\n\t\t\t\t\t\t<\/div>\n\t\t\t\t<\/div>\n\t\t\t\t\t\t<\/div>\n\t\t\t\t\t<\/div>\n\t\t<\/div>\n\t\t\t\t\t\t\t\t<\/div>\n\t\t\t\t\t<\/div>\n\t\t<\/section>\n\t\t\t\t\t\t<\/div>\n\t\t\t\t\t\t<\/div>\n\t\t\t\t\t<\/div>\n\t\t","protected":false},"excerpt":{"rendered":"<p>Propriedade Industrial A marca, a patente e o desenho industrial, assim como os demais institutos protegidos pela Lei da Propriedade Industrial, desempenham fun\u00e7\u00e3o essencial \u00e0 atividade econ\u00f4mica de uma empresa e est\u00e1 diretamente relacionada ao ganho e\/ou manuten\u00e7\u00e3o de sua clientela, portanto, devido a sua intangibilidade \u00e9 considerada um bem incorp\u00f3reo da empresa. Neste sentido, &hellip;<\/p>\n<p class=\"read-more\"> <a class=\"\" href=\"https:\/\/www.lucena.adv.br\/?page_id=333\"> <span class=\"screen-reader-text\">Propriedade intelectual e industrial<\/span> Leia mais &raquo;<\/a><\/p>\n","protected":false},"author":1,"featured_media":0,"parent":0,"menu_order":0,"comment_status":"closed","ping_status":"closed","template":"","meta":[],"_links":{"self":[{"href":"https:\/\/www.lucena.adv.br\/index.php?rest_route=\/wp\/v2\/pages\/333"}],"collection":[{"href":"https:\/\/www.lucena.adv.br\/index.php?rest_route=\/wp\/v2\/pages"}],"about":[{"href":"https:\/\/www.lucena.adv.br\/index.php?rest_route=\/wp\/v2\/types\/page"}],"author":[{"embeddable":true,"href":"https:\/\/www.lucena.adv.br\/index.php?rest_route=\/wp\/v2\/users\/1"}],"replies":[{"embeddable":true,"href":"https:\/\/www.lucena.adv.br\/index.php?rest_route=%2Fwp%2Fv2%2Fcomments&post=333"}],"version-history":[{"count":26,"href":"https:\/\/www.lucena.adv.br\/index.php?rest_route=\/wp\/v2\/pages\/333\/revisions"}],"predecessor-version":[{"id":681,"href":"https:\/\/www.lucena.adv.br\/index.php?rest_route=\/wp\/v2\/pages\/333\/revisions\/681"}],"wp:attachment":[{"href":"https:\/\/www.lucena.adv.br\/index.php?rest_route=%2Fwp%2Fv2%2Fmedia&parent=333"}],"curies":[{"name":"wp","href":"https:\/\/api.w.org\/{rel}","templated":true}]}}